{"id":7399,"date":"2024-10-24T13:40:04","date_gmt":"2024-10-24T10:40:04","guid":{"rendered":"https:\/\/www.evorad.com\/contact\/"},"modified":"2026-04-15T14:14:22","modified_gmt":"2026-04-15T11:14:22","slug":"contact","status":"publish","type":"page","link":"https:\/\/www.evorad.com\/fr\/contact\/","title":{"rendered":"Contact"},"content":{"rendered":"\t\t<div data-elementor-type=\"wp-page\" data-elementor-id=\"7399\" class=\"elementor elementor-7399 elementor-470\">\n\t\t\t\t<div class=\"elementor-element elementor-element-8dc7e49 e-flex e-con-boxed sc_layouts_column_icons_position_left e-con e-parent\" data-id=\"8dc7e49\" data-element_type=\"container\" data-e-type=\"container\" data-settings=\"{&quot;background_background&quot;:&quot;classic&quot;}\">\n\t\t\t\t\t<div class=\"e-con-inner\">\n\t\t\t\t<div data-animation-type=\"block\" class=\"elementor-element elementor-element-dedc991 trx-addons-animate animation_type_block sc_fly_static elementor-invisible elementor-widget elementor-widget-trx_elm_advanced_title\" data-id=\"dedc991\" data-element_type=\"widget\" data-e-type=\"widget\" data-settings=\"{&quot;_animation&quot;:&quot;ta_fadeinup&quot;}\" data-widget_type=\"trx_elm_advanced_title.default\">\n\t\t\t\t<div class=\"elementor-widget-container\">\n\t\t\t\t\t<div class=\"trx-addons-advanced-title\" style=\"--var-trx-addons-advanced-title-highlight-animation-duration: 2000ms;\">\n<span class=\"trx-addons-advanced-title-item trx-addons-advanced-title-item-text elementor-repeater-item-c203060\">Contactez-nous<\/span><\/div>\t\t\t\t<\/div>\n\t\t\t\t<\/div>\n\t\t<div class=\"elementor-element elementor-element-9d14c88 e-con-full e-flex sc_layouts_column_icons_position_left e-con e-child\" data-id=\"9d14c88\" data-element_type=\"container\" data-e-type=\"container\">\n\t\t<div data-animation-type=\"block\" class=\"elementor-element elementor-element-a0f218d e-con-full e-flex sc_layouts_column_icons_position_left animation_type_block elementor-invisible e-con e-child\" data-id=\"a0f218d\" data-element_type=\"container\" data-e-type=\"container\" data-settings=\"{&quot;animation&quot;:&quot;ta_fadeinup&quot;}\">\n\t\t\t\t<div class=\"elementor-element elementor-element-de6199c elementor-widget__width-initial sc_fly_static elementor-widget elementor-widget-heading\" data-id=\"de6199c\" data-element_type=\"widget\" data-e-type=\"widget\" data-widget_type=\"heading.default\">\n\t\t\t\t<div class=\"elementor-widget-container\">\n\t\t\t\t\t<h1 class=\"elementor-heading-title elementor-size-default\">Vous avez des questions ? N'h\u00e9sitez pas \u00e0 nous contacter ! <\/h1>\t\t\t\t<\/div>\n\t\t\t\t<\/div>\n\t\t\t\t<div class=\"elementor-element elementor-element-d82ef34 elementor-widget__width-initial sc_fly_static elementor-widget elementor-widget-text-editor\" data-id=\"d82ef34\" data-element_type=\"widget\" data-e-type=\"widget\" data-widget_type=\"text-editor.default\">\n\t\t\t\t<div class=\"elementor-widget-container\">\n\t\t\t\t\t\t\t\t\t<p>Nous sommes \u00e0 votre disposition pour toute question ou pr\u00e9occupation. N&rsquo;h\u00e9sitez pas \u00e0 nous contacter \u00e0 tout moment. <\/p>\t\t\t\t\t\t\t\t<\/div>\n\t\t\t\t<\/div>\n\t\t\t\t<div class=\"elementor-element elementor-element-e6f4dda elementor-widget__width-initial sc_fly_static elementor-widget elementor-widget-heading\" data-id=\"e6f4dda\" data-element_type=\"widget\" data-e-type=\"widget\" data-widget_type=\"heading.default\">\n\t\t\t\t<div class=\"elementor-widget-container\">\n\t\t\t\t\t<h5 class=\"elementor-heading-title elementor-size-default\">Informations<\/h5>\t\t\t\t<\/div>\n\t\t\t\t<\/div>\n\t\t\t\t<div class=\"elementor-element elementor-element-eacf028 trx-addons-icon-list-traditional elementor-list-item-link-inline trx-addons-icon-left sc_fly_static elementor-widget elementor-widget-trx_elm_icon_list\" data-id=\"eacf028\" data-element_type=\"widget\" data-e-type=\"widget\" data-widget_type=\"trx_elm_icon_list.default\">\n\t\t\t\t<div class=\"elementor-widget-container\">\n\t\t\t\t\t\t\t<div class=\"trx-addons-list-container\">\n\t\t\t<ul class=\"trx-addons-list-items\">\n\t\t\t\t\t\t\t\t\t\t\t\t\t\t\t\t\t\t\t\t\t<li class=\"trx-addons-icon-list-item trx-addons-icon-list-item-with-link elementor-repeater-item-cf7ec16\">\n\t\t\t\t\t\t\t\t\t\t\t\t\t\t\t<a href=\"tel:+302106100621\">\n\t\t\t\t\t\t\t\t\t\t\t<span class=\"trx-addons-icon-wrapper\">\n\t\t\t\t\t\t\t\t\t<span class=\"trx-addons-icon-list-image \"><img decoding=\"async\" src=\"https:\/\/www.evorad.com\/wp-content\/uploads\/2025\/10\/call.svg\" alt=\"call\"><\/span>\n\t\t\t\t\t\t\t\t<\/span>\n\t\t\t\t\t\t\t\t\t\t<span class=\"trx-addons-icon-list-text\">\n\t\t\t\t\t\t\t\t+302106100621\t\t\t\t\t\t\t<\/span>\n\t\t\t\t\t\t\t\t\t\t\t\t\t\t\t<\/a>\n\t\t\t\t\t\t\t\t\t\t\t\t\t\t<\/li>\n\t\t\t\t\t\t\t\t\t\t\t\t\t\t\t\t\t\t\t\t\t\t\t\t\t\t\t<li class=\"trx-addons-icon-list-item trx-addons-icon-list-item-with-link elementor-repeater-item-c674f61\">\n\t\t\t\t\t\t\t\t\t\t\t\t\t\t\t<a href=\"mailto:info@evorad.com\">\n\t\t\t\t\t\t\t\t\t\t\t<span class=\"trx-addons-icon-wrapper\">\n\t\t\t\t\t\t\t\t\t<span class=\"trx-addons-icon-list-image \"><img decoding=\"async\" src=\"https:\/\/www.evorad.com\/wp-content\/uploads\/2025\/10\/mail-01.svg\" alt=\"mail-01\"><\/span>\n\t\t\t\t\t\t\t\t<\/span>\n\t\t\t\t\t\t\t\t\t\t<span class=\"trx-addons-icon-list-text\">\n\t\t\t\t\t\t\t\tinfo@evorad.com\t\t\t\t\t\t\t<\/span>\n\t\t\t\t\t\t\t\t\t\t\t\t\t\t\t<\/a>\n\t\t\t\t\t\t\t\t\t\t\t\t\t\t<\/li>\n\t\t\t\t\t\t\t\t\t\t\t\t\t<\/ul>\n\t\t<\/div>\n\t\t\t\t\t\t<\/div>\n\t\t\t\t<\/div>\n\t\t\t\t<div class=\"elementor-element elementor-element-bc2f717 elementor-widget__width-initial sc_fly_static elementor-widget elementor-widget-heading\" data-id=\"bc2f717\" data-element_type=\"widget\" data-e-type=\"widget\" data-widget_type=\"heading.default\">\n\t\t\t\t<div class=\"elementor-widget-container\">\n\t\t\t\t\t<h5 class=\"elementor-heading-title elementor-size-default\">Si\u00e8ge social<\/h5>\t\t\t\t<\/div>\n\t\t\t\t<\/div>\n\t\t\t\t<div class=\"elementor-element elementor-element-3493b01 trx-addons-icon-list-traditional elementor-list-item-link-inline trx-addons-icon-left sc_fly_static elementor-widget elementor-widget-trx_elm_icon_list\" data-id=\"3493b01\" data-element_type=\"widget\" data-e-type=\"widget\" data-widget_type=\"trx_elm_icon_list.default\">\n\t\t\t\t<div class=\"elementor-widget-container\">\n\t\t\t\t\t\t\t<div class=\"trx-addons-list-container\">\n\t\t\t<ul class=\"trx-addons-list-items\">\n\t\t\t\t\t\t\t\t\t\t\t\t\t\t\t\t\t\t\t\t\t<li class=\"trx-addons-icon-list-item trx-addons-icon-list-item-with-link elementor-repeater-item-9a4f684\">\n\t\t\t\t\t\t\t\t\t\t\t\t\t\t\t<a href=\"https:\/\/www.google.com\/maps\/place\/?q=place_id:ChIJsZzswG6YoRQRKe83QPGFums\" target=\"_blank\">\n\t\t\t\t\t\t\t\t\t\t\t<span class=\"trx-addons-icon-wrapper\">\n\t\t\t\t\t\t\t\t\t\t<span class=\"trx-addons-icon-list-icon trx-addons-icon \">\n\t\t\t\t\t\t<svg aria-hidden=\"true\" class=\"e-font-icon-svg e-fas-map-pin\" viewBox=\"0 0 288 512\" xmlns=\"http:\/\/www.w3.org\/2000\/svg\"><path d=\"M112 316.94v156.69l22.02 33.02c4.75 7.12 15.22 7.12 19.97 0L176 473.63V316.94c-10.39 1.92-21.06 3.06-32 3.06s-21.61-1.14-32-3.06zM144 0C64.47 0 0 64.47 0 144s64.47 144 144 144 144-64.47 144-144S223.53 0 144 0zm0 76c-37.5 0-68 30.5-68 68 0 6.62-5.38 12-12 12s-12-5.38-12-12c0-50.73 41.28-92 92-92 6.62 0 12 5.38 12 12s-5.38 12-12 12z\"><\/path><\/svg><\/span>\t\t\t<\/span>\n\t\t\t\t\t\t\t\t\t\t<span class=\"trx-addons-icon-list-text\">\n\t\t\t\t\t\t\t\tVlachernon 10, 15124 Ath\u00e8nes, Gr\u00e8ce\t\t\t\t\t\t\t<\/span>\n\t\t\t\t\t\t\t\t\t\t\t\t\t\t\t<\/a>\n\t\t\t\t\t\t\t\t\t\t\t\t\t\t<\/li>\n\t\t\t\t\t\t\t\t\t\t\t\t\t\t\t\t\t\t\t\t\t\t\t\t\t\t\t<li class=\"trx-addons-icon-list-item trx-addons-icon-list-item-without-link elementor-repeater-item-09c3be3\">\n\t\t\t\t\t\t\t\t\t\t<span class=\"trx-addons-icon-wrapper\">\n\t\t\t\t\t\t\t\t\t\t<span class=\"trx-addons-icon-list-icon trx-addons-icon \">\n\t\t\t\t\t\t<svg aria-hidden=\"true\" class=\"e-font-icon-svg e-far-clock\" viewBox=\"0 0 512 512\" xmlns=\"http:\/\/www.w3.org\/2000\/svg\"><path d=\"M256 8C119 8 8 119 8 256s111 248 248 248 248-111 248-248S393 8 256 8zm0 448c-110.5 0-200-89.5-200-200S145.5 56 256 56s200 89.5 200 200-89.5 200-200 200zm61.8-104.4l-84.9-61.7c-3.1-2.3-4.9-5.9-4.9-9.7V116c0-6.6 5.4-12 12-12h32c6.6 0 12 5.4 12 12v141.7l66.8 48.6c5.4 3.9 6.5 11.4 2.6 16.8L334.6 349c-3.9 5.3-11.4 6.5-16.8 2.6z\"><\/path><\/svg><\/span>\t\t\t<\/span>\n\t\t\t\t\t\t\t\t\t\t<span class=\"trx-addons-icon-list-text\">\n\t\t\t\t\t\t\t\tLun-Ven 9h00-17h00 (EET)\t\t\t\t\t\t\t<\/span>\n\t\t\t\t\t\t\t\t\t\t\t\t\t<\/li>\n\t\t\t\t\t\t\t\t\t\t\t\t\t<\/ul>\n\t\t<\/div>\n\t\t\t\t\t\t<\/div>\n\t\t\t\t<\/div>\n\t\t\t\t<\/div>\n\t\t<div data-animation-type=\"block\" class=\"elementor-element elementor-element-b686613 e-con-full e-flex sc_layouts_column_icons_position_left animation_type_block elementor-invisible e-con e-child\" data-id=\"b686613\" data-element_type=\"container\" data-e-type=\"container\" data-settings=\"{&quot;animation&quot;:&quot;ta_fadeinup&quot;,&quot;animation_delay&quot;:100}\">\n\t\t\t\t<div class=\"elementor-element elementor-element-b14e105 sc_fly_static elementor-widget elementor-widget-shortcode\" data-id=\"b14e105\" data-element_type=\"widget\" data-e-type=\"widget\" data-widget_type=\"shortcode.default\">\n\t\t\t\t<div class=\"elementor-widget-container\">\n\t\t\t\t\t\t\t<div class=\"elementor-shortcode\">\n\t\t\t<div\n\t\t\tclass=\"hs-form-frame\"\n\t\t\tdata-region=\"eu1\"\n\t\t\tdata-form-id=\"8754194f-3f0b-48a4-9202-289ed6c4c885\"\n\t\t\tdata-portal-id=\"146824340\"\n\t\t\t >\n\t\t\t<\/div>\n\t\t\t<\/div>\n\t\t\t\t\t\t<\/div>\n\t\t\t\t<\/div>\n\t\t\t\t<\/div>\n\t\t\t\t<\/div>\n\t\t\t\t\t<\/div>\n\t\t\t\t<\/div>\n\t\t\t\t<\/div>\n\t\t","protected":false},"excerpt":{"rendered":"<p>Contactez-nous Vous avez des questions ? N&rsquo;h\u00e9sitez pas \u00e0 nous contacter ! Nous&hellip;<\/p>\n","protected":false},"author":1,"featured_media":0,"parent":0,"menu_order":0,"comment_status":"closed","ping_status":"closed","template":"","meta":{"content-type":"","footnotes":""},"class_list":["post-7399","page","type-page","status-publish","hentry"],"yoast_head":"<!-- This site is optimized with the Yoast SEO plugin v27.2 - https:\/\/yoast.com\/product\/yoast-seo-wordpress\/ -->\n<title>Contact - Evorad<\/title>\n<meta name=\"description\" content=\"Evorad brings modality capabilities and a diagnostic viewer in one simple and secure platform designed for faster, easier diagnosis and collaboration.\" \/>\n<meta name=\"robots\" content=\"index, follow, max-snippet:-1, max-image-preview:large, max-video-preview:-1\" \/>\n<link rel=\"canonical\" href=\"https:\/\/www.evorad.com\/fr\/contact\/\" \/>\n<meta property=\"og:locale\" content=\"fr_FR\" \/>\n<meta property=\"og:type\" content=\"article\" \/>\n<meta property=\"og:title\" content=\"Contact - Evorad\" \/>\n<meta property=\"og:description\" content=\"Evorad brings modality capabilities and a diagnostic viewer in one simple and secure platform designed for faster, easier diagnosis and collaboration.\" \/>\n<meta property=\"og:url\" content=\"https:\/\/www.evorad.com\/fr\/contact\/\" \/>\n<meta property=\"og:site_name\" content=\"Evorad\" \/>\n<meta property=\"article:modified_time\" content=\"2026-04-15T11:14:22+00:00\" \/>\n<meta property=\"og:image\" content=\"https:\/\/www.evorad.com\/wp-content\/uploads\/2025\/10\/call.svg\" \/>\n<meta name=\"twitter:card\" content=\"summary_large_image\" \/>\n<script type=\"application\/ld+json\" class=\"yoast-schema-graph\">{\"@context\":\"https:\/\/schema.org\",\"@graph\":[{\"@type\":\"WebPage\",\"@id\":\"https:\/\/www.evorad.com\/fr\/contact\/\",\"url\":\"https:\/\/www.evorad.com\/fr\/contact\/\",\"name\":\"Contact - Evorad\",\"isPartOf\":{\"@id\":\"https:\/\/www.evorad.com\/fr\/#website\"},\"primaryImageOfPage\":{\"@id\":\"https:\/\/www.evorad.com\/fr\/contact\/#primaryimage\"},\"image\":{\"@id\":\"https:\/\/www.evorad.com\/fr\/contact\/#primaryimage\"},\"thumbnailUrl\":\"https:\/\/www.evorad.com\/wp-content\/uploads\/2025\/10\/call.svg\",\"datePublished\":\"2024-10-24T10:40:04+00:00\",\"dateModified\":\"2026-04-15T11:14:22+00:00\",\"description\":\"Evorad brings modality capabilities and a diagnostic viewer in one simple and secure platform designed for faster, easier diagnosis and collaboration.\",\"breadcrumb\":{\"@id\":\"https:\/\/www.evorad.com\/fr\/contact\/#breadcrumb\"},\"inLanguage\":\"fr-FR\",\"potentialAction\":[{\"@type\":\"ReadAction\",\"target\":[\"https:\/\/www.evorad.com\/fr\/contact\/\"]}]},{\"@type\":\"ImageObject\",\"inLanguage\":\"fr-FR\",\"@id\":\"https:\/\/www.evorad.com\/fr\/contact\/#primaryimage\",\"url\":\"https:\/\/www.evorad.com\/wp-content\/uploads\/2025\/10\/call.svg\",\"contentUrl\":\"https:\/\/www.evorad.com\/wp-content\/uploads\/2025\/10\/call.svg\"},{\"@type\":\"BreadcrumbList\",\"@id\":\"https:\/\/www.evorad.com\/fr\/contact\/#breadcrumb\",\"itemListElement\":[{\"@type\":\"ListItem\",\"position\":1,\"name\":\"\u0391\u03c1\u03c7\u03b9\u03ba\u03ae\",\"item\":\"https:\/\/www.evorad.com\/fr\/\"},{\"@type\":\"ListItem\",\"position\":2,\"name\":\"Contact\"}]},{\"@type\":\"WebSite\",\"@id\":\"https:\/\/www.evorad.com\/fr\/#website\",\"url\":\"https:\/\/www.evorad.com\/fr\/\",\"name\":\"Evorad\",\"description\":\"Connecting Imaging, Insight, and Care.\",\"publisher\":{\"@id\":\"https:\/\/www.evorad.com\/fr\/#organization\"},\"potentialAction\":[{\"@type\":\"SearchAction\",\"target\":{\"@type\":\"EntryPoint\",\"urlTemplate\":\"https:\/\/www.evorad.com\/fr\/?s={search_term_string}\"},\"query-input\":{\"@type\":\"PropertyValueSpecification\",\"valueRequired\":true,\"valueName\":\"search_term_string\"}}],\"inLanguage\":\"fr-FR\"},{\"@type\":\"Organization\",\"@id\":\"https:\/\/www.evorad.com\/fr\/#organization\",\"name\":\"Evorad\",\"url\":\"https:\/\/www.evorad.com\/fr\/\",\"logo\":{\"@type\":\"ImageObject\",\"inLanguage\":\"fr-FR\",\"@id\":\"https:\/\/www.evorad.com\/fr\/#\/schema\/logo\/image\/\",\"url\":\"https:\/\/www.evorad.com\/wp-content\/uploads\/2025\/11\/Evorad-Logo.png\",\"contentUrl\":\"https:\/\/www.evorad.com\/wp-content\/uploads\/2025\/11\/Evorad-Logo.png\",\"width\":390,\"height\":96,\"caption\":\"Evorad\"},\"image\":{\"@id\":\"https:\/\/www.evorad.com\/fr\/#\/schema\/logo\/image\/\"}}]}<\/script>\n<!-- \/ Yoast SEO plugin. -->","yoast_head_json":{"title":"Contact - Evorad","description":"Evorad brings modality capabilities and a diagnostic viewer in one simple and secure platform designed for faster, easier diagnosis and collaboration.","robots":{"index":"index","follow":"follow","max-snippet":"max-snippet:-1","max-image-preview":"max-image-preview:large","max-video-preview":"max-video-preview:-1"},"canonical":"https:\/\/www.evorad.com\/fr\/contact\/","og_locale":"fr_FR","og_type":"article","og_title":"Contact - Evorad","og_description":"Evorad brings modality capabilities and a diagnostic viewer in one simple and secure platform designed for faster, easier diagnosis and collaboration.","og_url":"https:\/\/www.evorad.com\/fr\/contact\/","og_site_name":"Evorad","article_modified_time":"2026-04-15T11:14:22+00:00","og_image":[{"url":"https:\/\/www.evorad.com\/wp-content\/uploads\/2025\/10\/call.svg","type":"","width":"","height":""}],"twitter_card":"summary_large_image","schema":{"@context":"https:\/\/schema.org","@graph":[{"@type":"WebPage","@id":"https:\/\/www.evorad.com\/fr\/contact\/","url":"https:\/\/www.evorad.com\/fr\/contact\/","name":"Contact - Evorad","isPartOf":{"@id":"https:\/\/www.evorad.com\/fr\/#website"},"primaryImageOfPage":{"@id":"https:\/\/www.evorad.com\/fr\/contact\/#primaryimage"},"image":{"@id":"https:\/\/www.evorad.com\/fr\/contact\/#primaryimage"},"thumbnailUrl":"https:\/\/www.evorad.com\/wp-content\/uploads\/2025\/10\/call.svg","datePublished":"2024-10-24T10:40:04+00:00","dateModified":"2026-04-15T11:14:22+00:00","description":"Evorad brings modality capabilities and a diagnostic viewer in one simple and secure platform designed for faster, easier diagnosis and collaboration.","breadcrumb":{"@id":"https:\/\/www.evorad.com\/fr\/contact\/#breadcrumb"},"inLanguage":"fr-FR","potentialAction":[{"@type":"ReadAction","target":["https:\/\/www.evorad.com\/fr\/contact\/"]}]},{"@type":"ImageObject","inLanguage":"fr-FR","@id":"https:\/\/www.evorad.com\/fr\/contact\/#primaryimage","url":"https:\/\/www.evorad.com\/wp-content\/uploads\/2025\/10\/call.svg","contentUrl":"https:\/\/www.evorad.com\/wp-content\/uploads\/2025\/10\/call.svg"},{"@type":"BreadcrumbList","@id":"https:\/\/www.evorad.com\/fr\/contact\/#breadcrumb","itemListElement":[{"@type":"ListItem","position":1,"name":"\u0391\u03c1\u03c7\u03b9\u03ba\u03ae","item":"https:\/\/www.evorad.com\/fr\/"},{"@type":"ListItem","position":2,"name":"Contact"}]},{"@type":"WebSite","@id":"https:\/\/www.evorad.com\/fr\/#website","url":"https:\/\/www.evorad.com\/fr\/","name":"Evorad","description":"Connecting Imaging, Insight, and Care.","publisher":{"@id":"https:\/\/www.evorad.com\/fr\/#organization"},"potentialAction":[{"@type":"SearchAction","target":{"@type":"EntryPoint","urlTemplate":"https:\/\/www.evorad.com\/fr\/?s={search_term_string}"},"query-input":{"@type":"PropertyValueSpecification","valueRequired":true,"valueName":"search_term_string"}}],"inLanguage":"fr-FR"},{"@type":"Organization","@id":"https:\/\/www.evorad.com\/fr\/#organization","name":"Evorad","url":"https:\/\/www.evorad.com\/fr\/","logo":{"@type":"ImageObject","inLanguage":"fr-FR","@id":"https:\/\/www.evorad.com\/fr\/#\/schema\/logo\/image\/","url":"https:\/\/www.evorad.com\/wp-content\/uploads\/2025\/11\/Evorad-Logo.png","contentUrl":"https:\/\/www.evorad.com\/wp-content\/uploads\/2025\/11\/Evorad-Logo.png","width":390,"height":96,"caption":"Evorad"},"image":{"@id":"https:\/\/www.evorad.com\/fr\/#\/schema\/logo\/image\/"}}]}},"_links":{"self":[{"href":"https:\/\/www.evorad.com\/fr\/wp-json\/wp\/v2\/pages\/7399","targetHints":{"allow":["GET"]}}],"collection":[{"href":"https:\/\/www.evorad.com\/fr\/wp-json\/wp\/v2\/pages"}],"about":[{"href":"https:\/\/www.evorad.com\/fr\/wp-json\/wp\/v2\/types\/page"}],"author":[{"embeddable":true,"href":"https:\/\/www.evorad.com\/fr\/wp-json\/wp\/v2\/users\/1"}],"replies":[{"embeddable":true,"href":"https:\/\/www.evorad.com\/fr\/wp-json\/wp\/v2\/comments?post=7399"}],"version-history":[{"count":4,"href":"https:\/\/www.evorad.com\/fr\/wp-json\/wp\/v2\/pages\/7399\/revisions"}],"predecessor-version":[{"id":7720,"href":"https:\/\/www.evorad.com\/fr\/wp-json\/wp\/v2\/pages\/7399\/revisions\/7720"}],"wp:attachment":[{"href":"https:\/\/www.evorad.com\/fr\/wp-json\/wp\/v2\/media?parent=7399"}],"curies":[{"name":"wp","href":"https:\/\/api.w.org\/{rel}","templated":true}]}}